{"id":93,"date":"2017-09-21T13:21:00","date_gmt":"2017-09-21T13:21:00","guid":{"rendered":"https:\/\/www.akjiricek.eu\/nas-tym\/"},"modified":"2023-11-13T13:02:42","modified_gmt":"2023-11-13T13:02:42","slug":"doi-cua-chung-toi","status":"publish","type":"page","link":"https:\/\/www.akjiricek.eu\/vi\/doi-cua-chung-toi\/","title":{"rendered":"\u0110\u1ed9i ng\u0169 ch\u00fang t\u00f4i"},"content":{"rendered":"","protected":false},"excerpt":{"rendered":"","protected":false},"author":1,"featured_media":0,"parent":0,"menu_order":0,"comment_status":"closed","ping_status":"closed","template":"template-onas.php","meta":{"footnotes":""},"class_list":["post-93","page","type-page","status-publish","hentry"],"aioseo_notices":[],"_links":{"self":[{"href":"https:\/\/www.akjiricek.eu\/vi\/wp-json\/wp\/v2\/pages\/93","targetHints":{"allow":["GET"]}}],"collection":[{"href":"https:\/\/www.akjiricek.eu\/vi\/wp-json\/wp\/v2\/pages"}],"about":[{"href":"https:\/\/www.akjiricek.eu\/vi\/wp-json\/wp\/v2\/types\/page"}],"author":[{"embeddable":true,"href":"https:\/\/www.akjiricek.eu\/vi\/wp-json\/wp\/v2\/users\/1"}],"replies":[{"embeddable":true,"href":"https:\/\/www.akjiricek.eu\/vi\/wp-json\/wp\/v2\/comments?post=93"}],"version-history":[{"count":4,"href":"https:\/\/www.akjiricek.eu\/vi\/wp-json\/wp\/v2\/pages\/93\/revisions"}],"predecessor-version":[{"id":146,"href":"https:\/\/www.akjiricek.eu\/vi\/wp-json\/wp\/v2\/pages\/93\/revisions\/146"}],"wp:attachment":[{"href":"https:\/\/www.akjiricek.eu\/vi\/wp-json\/wp\/v2\/media?parent=93"}],"curies":[{"name":"wp","href":"https:\/\/api.w.org\/{rel}","templated":true}]}}