{"id":89,"date":"2017-09-21T13:21:10","date_gmt":"2017-09-21T13:21:10","guid":{"rendered":"https:\/\/www.akjiricek.eu\/kontakt\/"},"modified":"2023-11-13T13:04:35","modified_gmt":"2023-11-13T13:04:35","slug":"lien-he","status":"publish","type":"page","link":"https:\/\/www.akjiricek.eu\/vi\/lien-he\/","title":{"rendered":"\u0110\u1ecba ch\u1ec9 li\u00ean h\u1ec7"},"content":{"rendered":"<h2>V\u0103n ph\u00f2ng lu\u1eadt<\/h2>\n<h2>JUDr. Jan Ji\u0159\u00ed\u010dek<\/h2>\n<p>Legion\u00e1\u0159\u016f 947\/2b, 182 00 Prague 8, Czech Republic<\/p>\n<p>Tel.: <a href=\"tel:+420220571106\">+420 220 571 106<\/a><br \/>\nFax: +420 220 571 209<\/p>\n<p><a href=\"mailto:judr.jiricek@akjiricek.eu\">judr.jiricek@akjiricek.eu<\/a><\/p>\n","protected":false},"excerpt":{"rendered":"<p>V\u0103n ph\u00f2ng lu\u1eadt JUDr. Jan Ji\u0159\u00ed\u010dek Legion\u00e1\u0159\u016f 947\/2b, 182 00 Prague 8, Czech Republic Tel.: +420 220 571 106 Fax: +420 220 571 209 judr.jiricek@akjiricek.eu<\/p>\n","protected":false},"author":1,"featured_media":0,"parent":0,"menu_order":0,"comment_status":"closed","ping_status":"closed","template":"template-contact.php","meta":{"footnotes":""},"class_list":["post-89","page","type-page","status-publish","hentry"],"aioseo_notices":[],"_links":{"self":[{"href":"https:\/\/www.akjiricek.eu\/vi\/wp-json\/wp\/v2\/pages\/89","targetHints":{"allow":["GET"]}}],"collection":[{"href":"https:\/\/www.akjiricek.eu\/vi\/wp-json\/wp\/v2\/pages"}],"about":[{"href":"https:\/\/www.akjiricek.eu\/vi\/wp-json\/wp\/v2\/types\/page"}],"author":[{"embeddable":true,"href":"https:\/\/www.akjiricek.eu\/vi\/wp-json\/wp\/v2\/users\/1"}],"replies":[{"embeddable":true,"href":"https:\/\/www.akjiricek.eu\/vi\/wp-json\/wp\/v2\/comments?post=89"}],"version-history":[{"count":3,"href":"https:\/\/www.akjiricek.eu\/vi\/wp-json\/wp\/v2\/pages\/89\/revisions"}],"predecessor-version":[{"id":147,"href":"https:\/\/www.akjiricek.eu\/vi\/wp-json\/wp\/v2\/pages\/89\/revisions\/147"}],"wp:attachment":[{"href":"https:\/\/www.akjiricek.eu\/vi\/wp-json\/wp\/v2\/media?parent=89"}],"curies":[{"name":"wp","href":"https:\/\/api.w.org\/{rel}","templated":true}]}}