{"id":102,"date":"2023-11-01T10:36:05","date_gmt":"2023-11-01T10:36:05","guid":{"rendered":"https:\/\/www.akjiricek.eu\/sluzby-pro-cizince\/"},"modified":"2023-11-13T12:59:22","modified_gmt":"2023-11-13T12:59:22","slug":"dich-vu-danh-cho-nguoi-nuoc-ngoai","status":"publish","type":"page","link":"https:\/\/www.akjiricek.eu\/vi\/dich-vu-danh-cho-nguoi-nuoc-ngoai\/","title":{"rendered":"D\u1ecbch v\u1ee5 d\u00e0nh cho ng\u01b0\u1eddi n\u01b0\u1edbc ngo\u00e0i"},"content":{"rendered":"<h3>Ch\u00fang t\u00f4i chuy\u00ean v\u1ec1 lu\u1eadt nh\u1eadp c\u01b0 v\u00e0 lu\u1eadt t\u1ecb n\u1ea1n t\u1ea1i CH S\u00e9c v\u00e0 li\u00ean minh ch\u00e2u \u00c2u.<\/h3>\n<p>Ch\u00fang t\u00f4i s\u1ebd gi\u00fap c\u00e1c b\u1ea1n xin th\u1ecb th\u1ef1c ng\u1eafn h\u1ea1n, gi\u1ea5y ph\u00e9p c\u01b0 tr\u00fa d\u00e0i h\u1ea1n v\u00e0 v\u0129nh c\u01b0, th\u1ebb l\u00e0m vi\u1ec7c, gi\u1ea5y ph\u00e9p c\u01b0 tr\u00fa cho c\u00e1c th\u00e0nh vi\u00ean gia \u0111\u00ecnh c\u00f4ng d\u00e2n li\u00ean minh ch\u00e2u \u00c2u, gi\u1ea3i quy\u1ebft vi\u1ec7c tr\u1ee5c xu\u1ea5t h\u00e0nh ch\u00ednh v\u00e0 c\u1ea5p qu\u1ed1c t\u1ecbch CH S\u00e9c.<\/p>\n<p>Trong l\u0129nh v\u1ef1c n\u00e0y, v\u0103n ph\u00f2ng lu\u1eadt c\u1ee7a ch\u00fang t\u00f4i \u0111\u00e3 gi\u1ea7u kinh nghi\u1ec7m v\u00e0 \u0111\u00e3 c\u00f3 nhi\u1ec1u kh\u00e1ch h\u00e0ng h\u00e0i l\u00f2ng.<\/p>\n<p>M\u1ecdi vi\u1ec7c li\u00ean quan t\u1edbi lu\u1eadt nh\u1eadp c\u01b0 v\u00e0 lu\u1eadt t\u1ecb n\u1ea1n xin vui l\u00f2ng li\u00ean h\u1ec7 v\u1edbi ch\u00fang t\u00f4i theo s\u1ed1 \u0110T: <a href=\"tel:+420604255093\">+420 604 255 093<\/a><div class=\"social-icons\"><a href=\"https:\/\/wa.me\/+420604255093\" target=\"_blank\"><img decoding=\"async\" src=\"https:\/\/www.akjiricek.eu\/wp-content\/themes\/akjiricek\/images\/whatsapp.svg\" alt=\"WhatsApp\"><\/a><a href=\"viber:\/\/chat?number=+420604255093\" target=\"_blank\"><img decoding=\"async\" src=\"https:\/\/www.akjiricek.eu\/wp-content\/themes\/akjiricek\/images\/viber.svg\" alt=\"Viber\"><\/a><\/div><\/p>\n","protected":false},"excerpt":{"rendered":"<p>Ch\u00fang t\u00f4i chuy\u00ean v\u1ec1 lu\u1eadt nh\u1eadp c\u01b0 v\u00e0 lu\u1eadt t\u1ecb n\u1ea1n t\u1ea1i CH S\u00e9c v\u00e0 li\u00ean minh ch\u00e2u \u00c2u. Ch\u00fang t\u00f4i s\u1ebd gi\u00fap c\u00e1c b\u1ea1n xin th\u1ecb th\u1ef1c ng\u1eafn h\u1ea1n, gi\u1ea5y ph\u00e9p c\u01b0 tr\u00fa d\u00e0i h\u1ea1n v\u00e0 v\u0129nh c\u01b0, th\u1ebb l\u00e0m vi\u1ec7c, gi\u1ea5y ph\u00e9p c\u01b0 tr\u00fa cho c\u00e1c th\u00e0nh vi\u00ean gia \u0111\u00ecnh c\u00f4ng d\u00e2n li\u00ean&#8230;<\/p>\n","protected":false},"author":1,"featured_media":0,"parent":0,"menu_order":0,"comment_status":"closed","ping_status":"closed","template":"","meta":{"footnotes":""},"class_list":["post-102","page","type-page","status-publish","hentry"],"aioseo_notices":[],"_links":{"self":[{"href":"https:\/\/www.akjiricek.eu\/vi\/wp-json\/wp\/v2\/pages\/102","targetHints":{"allow":["GET"]}}],"collection":[{"href":"https:\/\/www.akjiricek.eu\/vi\/wp-json\/wp\/v2\/pages"}],"about":[{"href":"https:\/\/www.akjiricek.eu\/vi\/wp-json\/wp\/v2\/types\/page"}],"author":[{"embeddable":true,"href":"https:\/\/www.akjiricek.eu\/vi\/wp-json\/wp\/v2\/users\/1"}],"replies":[{"embeddable":true,"href":"https:\/\/www.akjiricek.eu\/vi\/wp-json\/wp\/v2\/comments?post=102"}],"version-history":[{"count":5,"href":"https:\/\/www.akjiricek.eu\/vi\/wp-json\/wp\/v2\/pages\/102\/revisions"}],"predecessor-version":[{"id":144,"href":"https:\/\/www.akjiricek.eu\/vi\/wp-json\/wp\/v2\/pages\/102\/revisions\/144"}],"wp:attachment":[{"href":"https:\/\/www.akjiricek.eu\/vi\/wp-json\/wp\/v2\/media?parent=102"}],"curies":[{"name":"wp","href":"https:\/\/api.w.org\/{rel}","templated":true}]}}