{"id":88,"date":"2017-09-21T13:21:10","date_gmt":"2017-09-21T13:21:10","guid":{"rendered":"https:\/\/www.akjiricek.eu\/kontakt\/"},"modified":"2023-11-01T12:20:13","modified_gmt":"2023-11-01T12:20:13","slug":"contact","status":"publish","type":"page","link":"https:\/\/www.akjiricek.eu\/en\/contact\/","title":{"rendered":"Contact"},"content":{"rendered":"<h2>JUDr. Jan Ji\u0159\u00ed\u010dek<br \/>\nLaw Office<\/h2>\n<p>Legion\u00e1\u0159\u016f 947\/2b, 182 00 Prague 8, Czech Republic<\/p>\n<p>Tel.: <a href=\"tel:+420220571106\">+420 220 571 106<\/a><br \/>\nFax: +420 220 571 209<\/p>\n<p><a href=\"mailto:judr.jiricek@akjiricek.eu\">judr.jiricek@akjiricek.eu<\/a><\/p>\n","protected":false},"excerpt":{"rendered":"<p>JUDr. Jan Ji\u0159\u00ed\u010dek Law Office Legion\u00e1\u0159\u016f 947\/2b, 182 00 Prague 8, Czech Republic Tel.: +420 220 571 106 Fax: +420 220 571 209 judr.jiricek@akjiricek.eu<\/p>\n","protected":false},"author":1,"featured_media":0,"parent":0,"menu_order":0,"comment_status":"closed","ping_status":"closed","template":"template-contact.php","meta":{"footnotes":""},"class_list":["post-88","page","type-page","status-publish","hentry"],"aioseo_notices":[],"_links":{"self":[{"href":"https:\/\/www.akjiricek.eu\/en\/wp-json\/wp\/v2\/pages\/88","targetHints":{"allow":["GET"]}}],"collection":[{"href":"https:\/\/www.akjiricek.eu\/en\/wp-json\/wp\/v2\/pages"}],"about":[{"href":"https:\/\/www.akjiricek.eu\/en\/wp-json\/wp\/v2\/types\/page"}],"author":[{"embeddable":true,"href":"https:\/\/www.akjiricek.eu\/en\/wp-json\/wp\/v2\/users\/1"}],"replies":[{"embeddable":true,"href":"https:\/\/www.akjiricek.eu\/en\/wp-json\/wp\/v2\/comments?post=88"}],"version-history":[{"count":2,"href":"https:\/\/www.akjiricek.eu\/en\/wp-json\/wp\/v2\/pages\/88\/revisions"}],"predecessor-version":[{"id":124,"href":"https:\/\/www.akjiricek.eu\/en\/wp-json\/wp\/v2\/pages\/88\/revisions\/124"}],"wp:attachment":[{"href":"https:\/\/www.akjiricek.eu\/en\/wp-json\/wp\/v2\/media?parent=88"}],"curies":[{"name":"wp","href":"https:\/\/api.w.org\/{rel}","templated":true}]}}