{"id":97,"date":"2017-09-21T13:20:46","date_gmt":"2017-09-21T13:20:46","guid":{"rendered":"https:\/\/www.akjiricek.eu\/sluzby\/"},"modified":"2026-03-11T16:18:43","modified_gmt":"2026-03-11T16:18:43","slug":"dich-vu","status":"publish","type":"page","link":"http:\/\/www.akjiricek.eu\/vi\/dich-vu\/","title":{"rendered":"D\u1ecbch v\u1ee5"},"content":{"rendered":"<p>C\u00e1c d\u1ecbch v\u1ee5<br \/>\n<strong>Ch\u00fang t\u00f4i th\u1ef1c hi\u1ec7n c\u00e1c d\u1ecbch v\u1ee5 ph\u00e1p l\u00fd trong l\u0129nh v\u1ef1c:<\/strong><\/p>\n<ul>\n<li>Lu\u1eadt th\u01b0\u01a1ng m\u1ea1i<\/li>\n<li>Lu\u1eadt d\u00e2n s\u1ef1<\/li>\n<li>Lu\u1eadt h\u00e0nh ch\u00ednh<\/li>\n<li>Lu\u1eadt thu\u1ebf<\/li>\n<li>Lu\u1eadt h\u00e0ng h\u1ea3i<\/li>\n<li>Lu\u1eadt h\u00e0ng kh\u00f4ng<\/li>\n<\/ul>\n<p>\u0110\u1eb7c bi\u1ec7t t\u1eadp trung v\u00e0o vi\u1ec7c x\u1eed ki\u1ec7n t\u1ea1i T\u00f2a \u00e1n v\u00e0 c\u00e1c t\u1ed1 t\u1ee5ng kh\u00e1c.<\/p>\n<p>Kh\u00e1ch h\u00e0ng c\u1ee7a ch\u00fang t\u00f4i kh\u00f4ng ch\u1ec9 l\u00e0 c\u00e1c C\u00f4ng ty kinh doanh t\u1ea1i CH S\u00e9c m\u00e0 c\u00f2n c\u00f3 c\u1ea3 c\u00e1c kh\u00e1ch h\u00e0ng t\u1eeb M\u1ef9, Anh, \u0110\u1ee9c hay \u00dd.<\/p>\n<p><span class=\"eap-shortcode-selectable\"><style>#sp-ea-187 .spcollapsing { height: 0; overflow: hidden; transition-property: height;transition-duration: 300ms;}#sp-ea-187.sp-easy-accordion>.sp-ea-single {margin-bottom: 10px; border: 1px solid #e2e2e2; }#sp-ea-187.sp-easy-accordion>.sp-ea-single>.ea-header a {color: #444;}#sp-ea-187.sp-easy-accordion>.sp-ea-single>.sp-collapse>.ea-body {background: #fff; color: #444;}#sp-ea-187.sp-easy-accordion>.sp-ea-single {background: #eee;}#sp-ea-187.sp-easy-accordion>.sp-ea-single>.ea-header a .ea-expand-icon { float: left; color: #444;font-size: 16px;}<\/style><div id=\"sp_easy_accordion-1773245713\"><div id=\"sp-ea-187\" class=\"sp-ea-one sp-easy-accordion\" data-ea-active=\"ea-click\" data-ea-mode=\"vertical\" data-preloader=\"\" data-scroll-active-item=\"\" data-offset-to-scroll=\"0\"><div class=\"ea-card ea-expand sp-ea-single\"><h3 class=\"ea-header\"><a class=\"collapsed\" id=\"ea-header-1870\" role=\"button\" data-sptoggle=\"spcollapse\" data-sptarget=\"#collapse1870\" aria-controls=\"collapse1870\" href=\"#\" aria-expanded=\"true\" tabindex=\"0\"><i aria-hidden=\"true\" role=\"presentation\" class=\"ea-expand-icon eap-icon-ea-expand-minus\"><\/i> Lu\u1eadt Th\u01b0\u01a1ng m\u1ea1i<\/a><\/h3><div class=\"sp-collapse spcollapse collapsed show\" id=\"collapse1870\" data-parent=\"#sp-ea-187\" role=\"region\" aria-labelledby=\"ea-header-1870\"> <div class=\"ea-body\"><p>Trong l\u0129nh v\u1ef1c lu\u1eadt th\u01b0\u01a1ng m\u1ea1i, ch\u00fang t\u00f4i cung c\u1ea5p d\u1ecbch v\u1ee5 ph\u00e1p l\u00fd cho doanh nh\u00e2n v\u00e0 c\u00e1c c\u00f4ng ty trong ho\u1ea1t \u0111\u1ed9ng kinh doanh h\u1eb1ng ng\u00e0y. Ch\u00fang t\u00f4i \u0111\u1eb7c bi\u1ec7t h\u1ed7 tr\u1ee3 so\u1ea1n th\u1ea3o v\u00e0 r\u00e0 so\u00e1t h\u1ee3p \u0111\u1ed3ng th\u01b0\u01a1ng m\u1ea1i, th\u00e0nh l\u1eadp v\u00e0 thay \u0111\u1ed5i c\u00f4ng ty, chuy\u1ec3n nh\u01b0\u1ee3ng ph\u1ea7n v\u1ed1n g\u00f3p ho\u1eb7c c\u1ed5 ph\u1ea7n, c\u0169ng nh\u01b0 gi\u1ea3i quy\u1ebft tranh ch\u1ea5p gi\u1eefa c\u00e1c th\u00e0nh vi\u00ean ho\u1eb7c c\u1ed5 \u0111\u00f4ng. Ch\u00fang t\u00f4i c\u0169ng cung c\u1ea5p t\u01b0 v\u1ea5n ph\u00e1p l\u00fd trong c\u00e1c th\u01b0\u01a1ng v\u1ee5 s\u00e1p nh\u1eadp v\u00e0 mua l\u1ea1i (M&amp;A) v\u00e0 trong vi\u1ec7c thi\u1ebft l\u1eadp quan h\u1ec7 gi\u1eefa c\u00f4ng ty v\u00e0 c\u00e1c c\u01a1 quan qu\u1ea3n l\u00fd theo lu\u1eadt \u0111\u1ecbnh.<\/p><\/div><\/div><\/div><div class=\"ea-card sp-ea-single\"><h3 class=\"ea-header\"><a class=\"collapsed\" id=\"ea-header-1871\" role=\"button\" data-sptoggle=\"spcollapse\" data-sptarget=\"#collapse1871\" aria-controls=\"collapse1871\" href=\"#\" aria-expanded=\"false\" tabindex=\"0\"><i aria-hidden=\"true\" role=\"presentation\" class=\"ea-expand-icon eap-icon-ea-expand-plus\"><\/i> Lu\u1eadt D\u00e2n s\u1ef1<\/a><\/h3><div class=\"sp-collapse spcollapse \" id=\"collapse1871\" data-parent=\"#sp-ea-187\" role=\"region\" aria-labelledby=\"ea-header-1871\"> <div class=\"ea-body\"><p data-start=\"548\" data-end=\"1050\">Trong l\u0129nh v\u1ef1c lu\u1eadt d\u00e2n s\u1ef1, ch\u00fang t\u00f4i cung c\u1ea5p h\u1ed7 tr\u1ee3 ph\u00e1p l\u00fd trong vi\u1ec7c gi\u1ea3i quy\u1ebft c\u00e1c t\u00ecnh hu\u1ed1ng \u0111\u1eddi s\u1ed1ng t\u1eeb th\u00f4ng th\u01b0\u1eddng \u0111\u1ebfn ph\u1ee9c t\u1ea1p c\u1ee7a c\u00e1 nh\u00e2n. Ch\u00fang t\u00f4i \u0111\u1ea1i di\u1ec7n cho kh\u00e1ch h\u00e0ng trong c\u00e1c v\u1ee5 tranh ch\u1ea5p b\u1ed3i th\u01b0\u1eddng thi\u1ec7t h\u1ea1i, \u0111\u1eb7c bi\u1ec7t l\u00e0 trong c\u00e1c tr\u01b0\u1eddng h\u1ee3p thi\u1ec7t h\u1ea1i v\u1ec1 s\u1ee9c kh\u1ecfe, tai n\u1ea1n lao \u0111\u1ed9ng ho\u1eb7c tai n\u1ea1n giao th\u00f4ng. Ch\u00fang t\u00f4i c\u0169ng so\u1ea1n th\u1ea3o c\u00e1c lo\u1ea1i h\u1ee3p \u0111\u1ed3ng nh\u01b0 h\u1ee3p \u0111\u1ed3ng mua b\u00e1n, h\u1ee3p \u0111\u1ed3ng t\u1eb7ng cho ho\u1eb7c h\u1ee3p \u0111\u1ed3ng thu\u00ea, v\u00e0 h\u1ed7 tr\u1ee3 gi\u1ea3i quy\u1ebft c\u00e1c v\u1ea5n \u0111\u1ec1 v\u1ec1 quan h\u1ec7 s\u1edf h\u1eefu \u0111\u1ed1i v\u1edbi b\u1ea5t \u0111\u1ed9ng s\u1ea3n.<\/p><p data-start=\"1052\" data-end=\"1467\">D\u1ecbch v\u1ee5 c\u1ee7a ch\u00fang t\u00f4i c\u0169ng bao g\u1ed3m vi\u1ec7c cung c\u1ea5p d\u1ecbch v\u1ee5 k\u00fd qu\u1ef9 lu\u1eadt s\u01b0 \u0111\u1ed1i v\u1edbi t\u00e0i li\u1ec7u v\u00e0 ti\u1ec1n. K\u00fd qu\u1ef9 lu\u1eadt s\u01b0 th\u01b0\u1eddng \u0111\u01b0\u1ee3c s\u1eed d\u1ee5ng \u0111\u1eb7c bi\u1ec7t trong c\u00e1c giao d\u1ecbch chuy\u1ec3n nh\u01b0\u1ee3ng b\u1ea5t \u0111\u1ed9ng s\u1ea3n, nh\u1eb1m \u0111\u1ea3m b\u1ea3o vi\u1ec7c thanh to\u00e1n gi\u00e1 mua gi\u1eefa b\u00ean b\u00e1n v\u00e0 b\u00ean mua \u0111\u01b0\u1ee3c th\u1ef1c hi\u1ec7n m\u1ed9t c\u00e1ch an to\u00e0n. Nh\u1edd \u0111\u00f3, kh\u00e1ch h\u00e0ng c\u00f3 th\u1ec3 y\u00ean t\u00e2m r\u1eb1ng to\u00e0n b\u1ed9 qu\u00e1 tr\u00ecnh chuy\u1ec3n nh\u01b0\u1ee3ng s\u1ebd \u0111\u01b0\u1ee3c th\u1ef1c hi\u1ec7n an to\u00e0n v\u00e0 ph\u00f9 h\u1ee3p v\u1edbi quy \u0111\u1ecbnh ph\u00e1p lu\u1eadt.<\/p><\/div><\/div><\/div><div class=\"ea-card sp-ea-single\"><h3 class=\"ea-header\"><a class=\"collapsed\" id=\"ea-header-1872\" role=\"button\" data-sptoggle=\"spcollapse\" data-sptarget=\"#collapse1872\" aria-controls=\"collapse1872\" href=\"#\" aria-expanded=\"false\" tabindex=\"0\"><i aria-hidden=\"true\" role=\"presentation\" class=\"ea-expand-icon eap-icon-ea-expand-plus\"><\/i> Lu\u1eadt H\u00e0nh ch\u00ednh<\/a><\/h3><div class=\"sp-collapse spcollapse \" id=\"collapse1872\" data-parent=\"#sp-ea-187\" role=\"region\" aria-labelledby=\"ea-header-1872\"> <div class=\"ea-body\"><p>Ch\u00fang t\u00f4i cung c\u1ea5p d\u1ecbch v\u1ee5 ph\u00e1p l\u00fd trong c\u00e1c th\u1ee7 t\u1ee5c h\u00e0nh ch\u00ednh \u0111\u01b0\u1ee3c ti\u1ebfn h\u00e0nh tr\u01b0\u1edbc c\u00e1c c\u01a1 quan qu\u1ea3n l\u00fd nh\u00e0 n\u01b0\u1edbc. Ch\u00fang t\u00f4i h\u1ed7 tr\u1ee3 kh\u00e1ch h\u00e0ng trong vi\u1ec7c l\u00e0m vi\u1ec7c v\u1edbi c\u00e1c c\u01a1 quan h\u00e0nh ch\u00ednh, chu\u1ea9n b\u1ecb \u0111\u01a1n kh\u00e1ng c\u00e1o \u0111\u1ed1i v\u1edbi c\u00e1c quy\u1ebft \u0111\u1ecbnh c\u1ee7a c\u01a1 quan h\u00e0nh ch\u00ednh v\u00e0 \u0111\u1ea1i di\u1ec7n cho kh\u00e1ch h\u00e0ng t\u1ea1i t\u00f2a \u00e1n h\u00e0nh ch\u00ednh. Ch\u00fang t\u00f4i c\u0169ng th\u01b0\u1eddng xuy\u00ean x\u1eed l\u00fd c\u00e1c v\u1ea5n \u0111\u1ec1 li\u00ean quan \u0111\u1ebfn lu\u1eadt x\u00e2y d\u1ef1ng, quy ho\u1ea1ch l\u00e3nh th\u1ed5 v\u00e0 c\u00e1c ch\u1ebf t\u00e0i h\u00e0nh ch\u00ednh.<\/p><\/div><\/div><\/div><div class=\"ea-card sp-ea-single\"><h3 class=\"ea-header\"><a class=\"collapsed\" id=\"ea-header-1873\" role=\"button\" data-sptoggle=\"spcollapse\" data-sptarget=\"#collapse1873\" aria-controls=\"collapse1873\" href=\"#\" aria-expanded=\"false\" tabindex=\"0\"><i aria-hidden=\"true\" role=\"presentation\" class=\"ea-expand-icon eap-icon-ea-expand-plus\"><\/i> Lu\u1eadt H\u00ecnh s\u1ef1<\/a><\/h3><div class=\"sp-collapse spcollapse \" id=\"collapse1873\" data-parent=\"#sp-ea-187\" role=\"region\" aria-labelledby=\"ea-header-1873\"> <div class=\"ea-body\"><p>Trong l\u0129nh v\u1ef1c lu\u1eadt h\u00ecnh s\u1ef1, ch\u00fang t\u00f4i cung c\u1ea5p h\u1ed7 tr\u1ee3 ph\u00e1p l\u00fd cho c\u1ea3 ng\u01b0\u1eddi b\u1ecb bu\u1ed9c t\u1ed9i v\u00e0 ng\u01b0\u1eddi b\u1ecb h\u1ea1i trong c\u00e1c th\u1ee7 t\u1ee5c t\u1ed1 t\u1ee5ng h\u00ecnh s\u1ef1. Ch\u00fang t\u00f4i \u0111\u1ea1i di\u1ec7n cho kh\u00e1ch h\u00e0ng trong t\u1ea5t c\u1ea3 c\u00e1c giai \u0111o\u1ea1n c\u1ee7a qu\u00e1 tr\u00ecnh t\u1ed1 t\u1ee5ng h\u00ecnh s\u1ef1, t\u1eeb c\u00e1c th\u1ee7 t\u1ee5c c\u1ee7a c\u1ea3nh s\u00e1t v\u00e0 vi\u1ec7c th\u1ea9m v\u1ea5n nghi ph\u1ea1m cho \u0111\u1ebfn vi\u1ec7c b\u00e0o ch\u1eefa tr\u01b0\u1edbc t\u00f2a \u00e1n. Trong nh\u1eefng tr\u01b0\u1eddng h\u1ee3p ph\u00f9 h\u1ee3p, ch\u00fang t\u00f4i c\u0169ng t\u00ecm c\u00e1ch \u00e1p d\u1ee5ng c\u00e1c ph\u01b0\u01a1ng th\u1ee9c gi\u1ea3i quy\u1ebft v\u1ee5 \u00e1n h\u00ecnh s\u1ef1 thay th\u1ebf, \u0111\u1eb7c bi\u1ec7t l\u00e0 th\u1ecfa thu\u1eadn nh\u1eadn t\u1ed9i v\u00e0 h\u00ecnh ph\u1ea1t ho\u1eb7c c\u00e1c bi\u1ec7n ph\u00e1p chuy\u1ec3n h\u01b0\u1edbng trong t\u1ed1 t\u1ee5ng h\u00ecnh s\u1ef1, c\u00f3 th\u1ec3 d\u1eabn \u0111\u1ebfn vi\u1ec7c gi\u1ea3i quy\u1ebft v\u1ee5 vi\u1ec7c nhanh h\u01a1n v\u00e0 c\u00f3 l\u1ee3i h\u01a1n cho kh\u00e1ch h\u00e0ng.<\/p><\/div><\/div><\/div><div class=\"ea-card sp-ea-single\"><h3 class=\"ea-header\"><a class=\"collapsed\" id=\"ea-header-1874\" role=\"button\" data-sptoggle=\"spcollapse\" data-sptarget=\"#collapse1874\" aria-controls=\"collapse1874\" href=\"#\" aria-expanded=\"false\" tabindex=\"0\"><i aria-hidden=\"true\" role=\"presentation\" class=\"ea-expand-icon eap-icon-ea-expand-plus\"><\/i> Lu\u1eadt H\u00e0ng h\u1ea3i<\/a><\/h3><div class=\"sp-collapse spcollapse \" id=\"collapse1874\" data-parent=\"#sp-ea-187\" role=\"region\" aria-labelledby=\"ea-header-1874\"> <div class=\"ea-body\"><p>Trong l\u0129nh v\u1ef1c lu\u1eadt h\u00e0ng h\u1ea3i, ch\u00fang t\u00f4i cung c\u1ea5p c\u00e1c d\u1ecbch v\u1ee5 ph\u00e1p l\u00fd li\u00ean quan \u0111\u1ebfn vi\u1ec7c v\u1eadn h\u00e0nh t\u00e0u thuy\u1ec1n, v\u1eadn t\u1ea3i \u0111\u01b0\u1eddng bi\u1ec3n v\u00e0 tr\u00e1ch nhi\u1ec7m \u0111\u1ed1i v\u1edbi thi\u1ec7t h\u1ea1i ph\u00e1t sinh trong qu\u00e1 tr\u00ecnh v\u1eadn chuy\u1ec3n h\u00e0ng h\u00f3a b\u1eb1ng \u0111\u01b0\u1eddng bi\u1ec3n. Ch\u00fang t\u00f4i h\u1ed7 tr\u1ee3 kh\u00e1ch h\u00e0ng trong vi\u1ec7c so\u1ea1n th\u1ea3o v\u00e0 ki\u1ec3m tra c\u00e1c h\u1ee3p \u0111\u1ed3ng v\u1eadn t\u1ea3i \u0111\u01b0\u1eddng bi\u1ec3n, h\u1ee3p \u0111\u1ed3ng thu\u00ea t\u00e0u (charter) v\u00e0 gi\u1ea3i quy\u1ebft tranh ch\u1ea5p gi\u1eefa b\u00ean v\u1eadn chuy\u1ec3n v\u00e0 b\u00ean thu\u00ea v\u1eadn chuy\u1ec3n. Ch\u00fang t\u00f4i c\u0169ng \u0111\u1ea1i di\u1ec7n cho kh\u00e1ch h\u00e0ng trong vi\u1ec7c gi\u1ea3i quy\u1ebft c\u00e1c y\u00eau c\u1ea7u qu\u1ed1c t\u1ebf ph\u00e1t sinh t\u1eeb v\u1eadn t\u1ea3i h\u00e0ng h\u1ea3i.<\/p><\/div><\/div><\/div><div class=\"ea-card sp-ea-single\"><h3 class=\"ea-header\"><a class=\"collapsed\" id=\"ea-header-1875\" role=\"button\" data-sptoggle=\"spcollapse\" data-sptarget=\"#collapse1875\" aria-controls=\"collapse1875\" href=\"#\" aria-expanded=\"false\" tabindex=\"0\"><i aria-hidden=\"true\" role=\"presentation\" class=\"ea-expand-icon eap-icon-ea-expand-plus\"><\/i> Lu\u1eadt H\u00e0ng kh\u00f4ng<\/a><\/h3><div class=\"sp-collapse spcollapse \" id=\"collapse1875\" data-parent=\"#sp-ea-187\" role=\"region\" aria-labelledby=\"ea-header-1875\"> <div class=\"ea-body\"><p>Ch\u00fang t\u00f4i cung c\u1ea5p t\u01b0 v\u1ea5n ph\u00e1p l\u00fd trong l\u0129nh v\u1ef1c lu\u1eadt h\u00e0ng kh\u00f4ng, \u0111\u1eb7c bi\u1ec7t li\u00ean quan \u0111\u1ebfn vi\u1ec7c v\u1eadn h\u00e0nh m\u00e1y bay, v\u1eadn t\u1ea3i h\u00e0ng kh\u00f4ng v\u00e0 tr\u00e1ch nhi\u1ec7m \u0111\u1ed1i v\u1edbi thi\u1ec7t h\u1ea1i trong v\u1eadn t\u1ea3i h\u00e0ng kh\u00f4ng. Ch\u00fang t\u00f4i \u0111\u1ea1i di\u1ec7n cho kh\u00e1ch h\u00e0ng trong vi\u1ec7c y\u00eau c\u1ea7u b\u1ed3i th\u01b0\u1eddng \u0111\u1ed1i v\u1edbi c\u00e1c chuy\u1ebfn bay b\u1ecb ho\u00e3n ho\u1eb7c b\u1ecb h\u1ee7y, chu\u1ea9n b\u1ecb t\u00e0i li\u1ec7u h\u1ee3p \u0111\u1ed3ng cho c\u00e1c d\u1ecbch v\u1ee5 h\u00e0ng kh\u00f4ng v\u00e0 gi\u1ea3i quy\u1ebft tranh ch\u1ea5p gi\u1eefa h\u00e3ng v\u1eadn chuy\u1ec3n v\u00e0 h\u00e0nh kh\u00e1ch. Ch\u00fang t\u00f4i c\u0169ng h\u1ed7 tr\u1ee3 c\u00e1c v\u1ea5n \u0111\u1ec1 ph\u00e1p l\u00fd li\u00ean quan \u0111\u1ebfn quy \u0111\u1ecbnh v\u00e0 l\u00e0m vi\u1ec7c v\u1edbi c\u00e1c c\u01a1 quan qu\u1ea3n l\u00fd h\u00e0ng kh\u00f4ng.<\/p><\/div><\/div><\/div><div class=\"ea-card sp-ea-single\"><h3 class=\"ea-header\"><a class=\"collapsed\" id=\"ea-header-1876\" role=\"button\" data-sptoggle=\"spcollapse\" data-sptarget=\"#collapse1876\" aria-controls=\"collapse1876\" href=\"#\" aria-expanded=\"false\" tabindex=\"0\"><i aria-hidden=\"true\" role=\"presentation\" class=\"ea-expand-icon eap-icon-ea-expand-plus\"><\/i> Lu\u1eadt T\u1ecb n\u1ea1n v\u00e0 Lu\u1eadt Ng\u01b0\u1eddi n\u01b0\u1edbc ngo\u00e0i<\/a><\/h3><div class=\"sp-collapse spcollapse \" id=\"collapse1876\" data-parent=\"#sp-ea-187\" role=\"region\" aria-labelledby=\"ea-header-1876\"> <div class=\"ea-body\"><p data-start=\"3692\" data-end=\"4193\">Trong l\u0129nh v\u1ef1c lu\u1eadt t\u1ecb n\u1ea1n v\u00e0 lu\u1eadt ng\u01b0\u1eddi n\u01b0\u1edbc ngo\u00e0i, ch\u00fang t\u00f4i cung c\u1ea5p h\u1ed7 tr\u1ee3 ph\u00e1p l\u00fd cho ng\u01b0\u1eddi n\u01b0\u1edbc ngo\u00e0i trong vi\u1ec7c xin c\u00e1c lo\u1ea1i gi\u1ea5y ph\u00e9p c\u01b0 tr\u00fa t\u1ea1i C\u1ed9ng h\u00f2a S\u00e9c. Ch\u00fang t\u00f4i h\u1ed7 tr\u1ee3 chu\u1ea9n b\u1ecb h\u1ed3 s\u01a1 xin th\u1ecb th\u1ef1c d\u00e0i h\u1ea1n, gi\u1ea5y ph\u00e9p c\u01b0 tr\u00fa d\u00e0i h\u1ea1n ho\u1eb7c th\u01b0\u1eddng tr\u00fa, v\u00e0 \u0111\u1ea1i di\u1ec7n cho kh\u00e1ch h\u00e0ng trong c\u00e1c th\u1ee7 t\u1ee5c tr\u01b0\u1edbc c\u00e1c c\u01a1 quan thu\u1ed9c B\u1ed9 N\u1ed9i v\u1ee5. Ch\u00fang t\u00f4i c\u0169ng cung c\u1ea5p \u0111\u1ea1i di\u1ec7n ph\u00e1p l\u00fd trong c\u00e1c th\u1ee7 t\u1ee5c v\u1ec1 b\u1ea3o h\u1ed9 qu\u1ed1c t\u1ebf v\u00e0 trong c\u00e1c v\u1ee5 ki\u1ec7n t\u1ea1i t\u00f2a \u00e1n li\u00ean quan \u0111\u1ebfn v\u1ea5n \u0111\u1ec1 c\u01b0 tr\u00fa c\u1ee7a ng\u01b0\u1eddi n\u01b0\u1edbc ngo\u00e0i.<\/p><p data-start=\"4195\" data-end=\"4615\" data-is-last-node=\"\" data-is-only-node=\"\">D\u1ecbch v\u1ee5 c\u1ee7a ch\u00fang t\u00f4i c\u0169ng bao g\u1ed3m t\u01b0 v\u1ea5n ph\u00e1p l\u00fd v\u00e0 \u0111\u1ea1i di\u1ec7n trong vi\u1ec7c n\u1ed9p \u0111\u01a1n xin nh\u1eadp qu\u1ed1c t\u1ecbch C\u1ed9ng h\u00f2a S\u00e9c. Ch\u00fang t\u00f4i h\u1ed7 tr\u1ee3 kh\u00e1ch h\u00e0ng chu\u1ea9n b\u1ecb c\u00e1c t\u00e0i li\u1ec7u c\u1ea7n thi\u1ebft, \u0111\u00e1p \u1ee9ng c\u00e1c \u0111i\u1ec1u ki\u1ec7n theo lu\u1eadt \u0111\u1ecbnh v\u00e0 h\u01b0\u1edbng d\u1eabn h\u1ecd trong to\u00e0n b\u1ed9 qu\u00e1 tr\u00ecnh xin qu\u1ed1c t\u1ecbch. Nh\u1edd kinh nghi\u1ec7m c\u1ee7a ch\u00fang t\u00f4i trong l\u0129nh v\u1ef1c lu\u1eadt ng\u01b0\u1eddi n\u01b0\u1edbc ngo\u00e0i, ch\u00fang t\u00f4i c\u00f3 th\u1ec3 gi\u00fap kh\u00e1ch h\u00e0ng v\u01b0\u1ee3t qua hi\u1ec7u qu\u1ea3 qu\u00e1 tr\u00ecnh h\u00e0nh ch\u00ednh ph\u1ee9c t\u1ea1p n\u00e0y.<\/p><\/div><\/div><\/div><\/div><\/div><\/span><\/p>\n","protected":false},"excerpt":{"rendered":"<p>C\u00e1c d\u1ecbch v\u1ee5 Ch\u00fang t\u00f4i th\u1ef1c hi\u1ec7n c\u00e1c d\u1ecbch v\u1ee5 ph\u00e1p l\u00fd trong l\u0129nh v\u1ef1c: Lu\u1eadt th\u01b0\u01a1ng m\u1ea1i Lu\u1eadt d\u00e2n s\u1ef1 Lu\u1eadt h\u00e0nh ch\u00ednh Lu\u1eadt thu\u1ebf Lu\u1eadt h\u00e0ng h\u1ea3i Lu\u1eadt h\u00e0ng kh\u00f4ng \u0110\u1eb7c bi\u1ec7t t\u1eadp trung v\u00e0o vi\u1ec7c x\u1eed ki\u1ec7n t\u1ea1i T\u00f2a \u00e1n v\u00e0 c\u00e1c t\u1ed1 t\u1ee5ng kh\u00e1c. Kh\u00e1ch h\u00e0ng c\u1ee7a ch\u00fang t\u00f4i kh\u00f4ng ch\u1ec9&#8230;<\/p>\n","protected":false},"author":1,"featured_media":0,"parent":0,"menu_order":0,"comment_status":"closed","ping_status":"closed","template":"","meta":{"footnotes":""},"class_list":["post-97","page","type-page","status-publish","hentry"],"aioseo_notices":[],"_links":{"self":[{"href":"http:\/\/www.akjiricek.eu\/vi\/wp-json\/wp\/v2\/pages\/97","targetHints":{"allow":["GET"]}}],"collection":[{"href":"http:\/\/www.akjiricek.eu\/vi\/wp-json\/wp\/v2\/pages"}],"about":[{"href":"http:\/\/www.akjiricek.eu\/vi\/wp-json\/wp\/v2\/types\/page"}],"author":[{"embeddable":true,"href":"http:\/\/www.akjiricek.eu\/vi\/wp-json\/wp\/v2\/users\/1"}],"replies":[{"embeddable":true,"href":"http:\/\/www.akjiricek.eu\/vi\/wp-json\/wp\/v2\/comments?post=97"}],"version-history":[{"count":7,"href":"http:\/\/www.akjiricek.eu\/vi\/wp-json\/wp\/v2\/pages\/97\/revisions"}],"predecessor-version":[{"id":189,"href":"http:\/\/www.akjiricek.eu\/vi\/wp-json\/wp\/v2\/pages\/97\/revisions\/189"}],"wp:attachment":[{"href":"http:\/\/www.akjiricek.eu\/vi\/wp-json\/wp\/v2\/media?parent=97"}],"curies":[{"name":"wp","href":"https:\/\/api.w.org\/{rel}","templated":true}]}}